{"id":752,"date":"2023-02-15T12:20:56","date_gmt":"2023-02-15T12:20:56","guid":{"rendered":"https:\/\/www.biogarten-natura.info\/conditions-generales-de-vente-cgv-ch\/"},"modified":"2024-08-12T21:15:24","modified_gmt":"2024-08-12T21:15:24","slug":"conditions-generales-de-vente-cgv-ch","status":"publish","type":"page","link":"https:\/\/www.biogarten-natura.info\/fr\/conditions-generales-de-vente-cgv-ch\/","title":{"rendered":"AGB CH (fr)"},"content":{"rendered":"<div id=\"cs-content\" class=\"cs-content\"><\/div>\n","protected":false},"excerpt":{"rendered":"<p>Conditions g&eacute;n&eacute;rales de vente (CGV) \u00a7 1 &#8211; Champ d&rsquo;application (1) Toutes les livraisons de marchandises, prestations ainsi que toutes les offres de la soci\u00e9t\u00e9 du groupe ANDERMATT susmentionn\u00e9e, Stahlermatten &#8230; <\/p>\n<div><a href=\"https:\/\/www.biogarten-natura.info\/fr\/conditions-generales-de-vente-cgv-ch\/\" class=\"more-link\">Read More<\/a><\/div>\n","protected":false},"author":2,"featured_media":0,"parent":0,"menu_order":24,"comment_status":"closed","ping_status":"closed","template":"template-blank-4.php","meta":{"footnotes":""},"class_list":["post-752","page","type-page","status-publish","hentry","no-post-thumbnail"],"_links":{"self":[{"href":"https:\/\/www.biogarten-natura.info\/fr\/wp-json\/wp\/v2\/pages\/752","targetHints":{"allow":["GET"]}}],"collection":[{"href":"https:\/\/www.biogarten-natura.info\/fr\/wp-json\/wp\/v2\/pages"}],"about":[{"href":"https:\/\/www.biogarten-natura.info\/fr\/wp-json\/wp\/v2\/types\/page"}],"author":[{"embeddable":true,"href":"https:\/\/www.biogarten-natura.info\/fr\/wp-json\/wp\/v2\/users\/2"}],"replies":[{"embeddable":true,"href":"https:\/\/www.biogarten-natura.info\/fr\/wp-json\/wp\/v2\/comments?post=752"}],"version-history":[{"count":4,"href":"https:\/\/www.biogarten-natura.info\/fr\/wp-json\/wp\/v2\/pages\/752\/revisions"}],"predecessor-version":[{"id":849,"href":"https:\/\/www.biogarten-natura.info\/fr\/wp-json\/wp\/v2\/pages\/752\/revisions\/849"}],"wp:attachment":[{"href":"https:\/\/www.biogarten-natura.info\/fr\/wp-json\/wp\/v2\/media?parent=752"}],"curies":[{"name":"wp","href":"https:\/\/api.w.org\/{rel}","templated":true}]}}