{"id":2123,"date":"2024-08-29T00:01:22","date_gmt":"2024-08-28T23:01:22","guid":{"rendered":"https:\/\/www.biogarten-natura.info\/gartenpraemierung-ch-de-franzoesisch\/"},"modified":"2026-04-01T09:48:42","modified_gmt":"2026-04-01T08:48:42","slug":"form-garden-trophy","status":"publish","type":"page","link":"https:\/\/www.biogarten-natura.info\/fr\/form-garden-trophy\/","title":{"rendered":"Demande de la plaquette Jardin de la biodiversit\u00e9"},"content":{"rendered":"\n<div class=\"wp-block-columns is-layout-flex wp-container-core-columns-is-layout-9d6595d7 wp-block-columns-is-layout-flex\">\n<div class=\"wp-block-column is-layout-flow wp-block-column-is-layout-flow\">\n<h1 class=\"wp-block-heading\">Demande de la plaquette Jardin de la biodiversit\u00e9<\/h1>\n\n\n\n<p class=\"wp-block\"><strong>La date limite d&rsquo;inscription pour 2026 est atteinte<\/strong>&nbsp;<\/p>\n\n\n\n<p class=\"wp-block\">Cette ann\u00e9e encore, nous avons re\u00e7u de nombreuses candidatures convaincantes. Nous sommes ravis et nous nous attelons d\u00e9sormais \u00e0 leur \u00e9valuation afin de d\u00e9terminer celles que nous r\u00e9compenserons au cours de l&rsquo;ann\u00e9e.&nbsp;<\/p>\n\n\n<\/div>\n<\/div>\n","protected":false},"excerpt":{"rendered":"<p>Demande de la plaquette Jardin de la biodiversit\u00e9 La date limite d&rsquo;inscription pour 2026 est atteinte&nbsp; Cette ann\u00e9e encore, nous avons re\u00e7u de nombreuses candidatures convaincantes. Nous sommes ravis et &#8230; <\/p>\n<div><a href=\"https:\/\/www.biogarten-natura.info\/fr\/form-garden-trophy\/\" class=\"more-link\">Read More<\/a><\/div>\n","protected":false},"author":2,"featured_media":0,"parent":0,"menu_order":0,"comment_status":"closed","ping_status":"closed","template":"template-blank-4.php","meta":{"footnotes":""},"class_list":["post-2123","page","type-page","status-publish","hentry","no-post-thumbnail"],"_links":{"self":[{"href":"https:\/\/www.biogarten-natura.info\/fr\/wp-json\/wp\/v2\/pages\/2123","targetHints":{"allow":["GET"]}}],"collection":[{"href":"https:\/\/www.biogarten-natura.info\/fr\/wp-json\/wp\/v2\/pages"}],"about":[{"href":"https:\/\/www.biogarten-natura.info\/fr\/wp-json\/wp\/v2\/types\/page"}],"author":[{"embeddable":true,"href":"https:\/\/www.biogarten-natura.info\/fr\/wp-json\/wp\/v2\/users\/2"}],"replies":[{"embeddable":true,"href":"https:\/\/www.biogarten-natura.info\/fr\/wp-json\/wp\/v2\/comments?post=2123"}],"version-history":[{"count":13,"href":"https:\/\/www.biogarten-natura.info\/fr\/wp-json\/wp\/v2\/pages\/2123\/revisions"}],"predecessor-version":[{"id":2273,"href":"https:\/\/www.biogarten-natura.info\/fr\/wp-json\/wp\/v2\/pages\/2123\/revisions\/2273"}],"wp:attachment":[{"href":"https:\/\/www.biogarten-natura.info\/fr\/wp-json\/wp\/v2\/media?parent=2123"}],"curies":[{"name":"wp","href":"https:\/\/api.w.org\/{rel}","templated":true}]}}