{"id":1876,"date":"2024-08-29T00:01:22","date_gmt":"2024-08-28T22:01:22","guid":{"rendered":"https:\/\/www.biogarten-natura.info\/pilz-aufzuchtset-lp-form-2\/"},"modified":"2026-04-01T09:48:16","modified_gmt":"2026-04-01T08:48:16","slug":"form-garden-trophy","status":"publish","type":"page","link":"https:\/\/www.biogarten-natura.info\/de\/form-garden-trophy\/","title":{"rendered":"Antrag auf die Biodiversit\u00e4tsgarten-Plakette"},"content":{"rendered":"\n<div class=\"wp-block-columns is-layout-flex wp-container-core-columns-is-layout-9d6595d7 wp-block-columns-is-layout-flex\">\n<div class=\"wp-block-column is-layout-flow wp-block-column-is-layout-flow\">\n<h1 class=\"wp-block-heading\">Antrag auf die Biodiversit\u00e4tsgarten-Plakette<\/h1>\n\n\n\n<p class=\"wp-block\"><strong>Anmeldeschluss f\u00fcr 2026 erreicht<\/strong>&nbsp;<\/p>\n\n\n\n<p class=\"wp-block\">Auch dieses Jahr haben uns viele \u00fcberzeugende Bewerbungen erreicht. Wir sind ganz begeistert&nbsp;und machen uns nun ans&nbsp;Auswerten,&nbsp;um zu entscheiden,&nbsp;welche&nbsp;wir im Laufe des Jahres auszeichnen werden.&nbsp;<\/p>\n\n\n<\/div>\n<\/div>\n","protected":false},"excerpt":{"rendered":"<p>Antrag auf die Biodiversit\u00e4tsgarten-Plakette Anmeldeschluss f\u00fcr 2026 erreicht&nbsp; Auch dieses Jahr haben uns viele \u00fcberzeugende Bewerbungen erreicht. Wir sind ganz begeistert&nbsp;und machen uns nun ans&nbsp;Auswerten,&nbsp;um zu entscheiden,&nbsp;welche&nbsp;wir im Laufe des &#8230; <\/p>\n<div><a href=\"https:\/\/www.biogarten-natura.info\/de\/form-garden-trophy\/\" class=\"more-link\">Read More<\/a><\/div>\n","protected":false},"author":2,"featured_media":0,"parent":0,"menu_order":0,"comment_status":"closed","ping_status":"closed","template":"template-blank-4.php","meta":{"footnotes":""},"class_list":["post-1876","page","type-page","status-publish","hentry","no-post-thumbnail"],"_links":{"self":[{"href":"https:\/\/www.biogarten-natura.info\/de\/wp-json\/wp\/v2\/pages\/1876","targetHints":{"allow":["GET"]}}],"collection":[{"href":"https:\/\/www.biogarten-natura.info\/de\/wp-json\/wp\/v2\/pages"}],"about":[{"href":"https:\/\/www.biogarten-natura.info\/de\/wp-json\/wp\/v2\/types\/page"}],"author":[{"embeddable":true,"href":"https:\/\/www.biogarten-natura.info\/de\/wp-json\/wp\/v2\/users\/2"}],"replies":[{"embeddable":true,"href":"https:\/\/www.biogarten-natura.info\/de\/wp-json\/wp\/v2\/comments?post=1876"}],"version-history":[{"count":29,"href":"https:\/\/www.biogarten-natura.info\/de\/wp-json\/wp\/v2\/pages\/1876\/revisions"}],"predecessor-version":[{"id":2272,"href":"https:\/\/www.biogarten-natura.info\/de\/wp-json\/wp\/v2\/pages\/1876\/revisions\/2272"}],"wp:attachment":[{"href":"https:\/\/www.biogarten-natura.info\/de\/wp-json\/wp\/v2\/media?parent=1876"}],"curies":[{"name":"wp","href":"https:\/\/api.w.org\/{rel}","templated":true}]}}